{"id":769,"date":"2021-03-27T17:39:16","date_gmt":"2021-03-27T16:39:16","guid":{"rendered":"http:\/\/jung.info.pl\/?page_id=769"},"modified":"2021-10-20T16:23:32","modified_gmt":"2021-10-20T14:23:32","slug":"o-mnie","status":"publish","type":"page","link":"https:\/\/jung.info.pl\/","title":{"rendered":"S\u0142owem wst\u0119pu"},"content":{"rendered":"\t\t<div data-elementor-type=\"wp-page\" data-elementor-id=\"769\" class=\"elementor elementor-769\">\n\t\t\t\t\t\t<section class=\"elementor-section elementor-top-section elementor-element elementor-element-fc9d2cb elementor-section-boxed elementor-section-height-default elementor-section-height-default\" data-id=\"fc9d2cb\" data-element_type=\"section\" data-e-type=\"section\">\n\t\t\t\t\t\t<div class=\"elementor-container elementor-column-gap-default\">\n\t\t\t\t\t<div class=\"elementor-column elementor-col-100 elementor-top-column elementor-element elementor-element-6bb2981\" data-id=\"6bb2981\" data-element_type=\"column\" data-e-type=\"column\">\n\t\t\t<div class=\"elementor-widget-wrap elementor-element-populated\">\n\t\t\t\t\t\t<div class=\"elementor-element elementor-element-b94f574 elementor-widget elementor-widget-writing-effect-headline\" data-id=\"b94f574\" data-element_type=\"widget\" data-e-type=\"widget\" data-widget_type=\"writing-effect-headline.default\">\n\t\t\t\t<div class=\"elementor-widget-container\">\n\t\t\t\t\t        <h3 class=\"futurio-extra-written-headline\" data-speed=\"10\" data-delay=\"1000\" data-loop=\"0\">\r\n        \r\n                    <span class=\"written-lines\">W skr\u00f3cie<\/span>\r\n        \r\n                <\/h3>\r\n        \t\t\t\t<\/div>\n\t\t\t\t<\/div>\n\t\t\t\t<div class=\"elementor-element elementor-element-df09a04 elementor-widget elementor-widget-text-editor\" data-id=\"df09a04\" data-element_type=\"widget\" data-e-type=\"widget\" data-widget_type=\"text-editor.default\">\n\t\t\t\t<div class=\"elementor-widget-container\">\n\t\t\t\t\t\t\t\t\t<div>Strona powsta\u0142a, aby ostatecznie we wzgl\u0119dnie ciekawej formie, ukaza\u0107 uwieczniane przeze mnie pozornie nieciekawe obiekty.<\/div>\n<div>Idea wesz\u0142a ju\u017c w \u017cycie ponad rok temu, pod innym adresem, z kr\u00f3tkimi nazwami obiekt\u00f3w w j\u0119zyku angielskim, nie by\u0142o to jednak to&#8230;<\/div>\n<div>&nbsp;<\/div>\n<div>Ka\u017cda strona \/ artyku\u0142 projektowane s\u0105 na komputerze &#8211; gor\u0105co polecam w wolnej chwili obejrzenie w pe\u0142nym wymiarze.<\/div>\n<div>Zapraszam do sekcji <a href=\"http:\/\/jung.info.pl\/index.php\/brzydkie-miejsca\/\" rel=\"noopener\"><strong>BLOG<\/strong><\/a>. <\/div>\n<div>&nbsp;<\/div>\n<div>\n<div><strong>Wpisy s\u0105 sukcesywnie dodawane na stron\u0119 od 26.03.2021<\/strong> &#8211; przyj\u0105\u0142em konwencj\u0119: data wpisu = data&nbsp; wykonania zdj\u0119\u0107 \/ film\u00f3w.<\/div>\n<div><strong><a href=\"http:\/\/jung.info.pl\/index.php\/brzydkie-miejsca\/\" rel=\"noopener\">Wszystkie kategorie<\/a> widoczne s\u0105 w prawej kolumnie &#8211; pod informacj\u0105 &#8222;o mnie&#8221;.<\/strong><\/div>\n<\/div>\t\t\t\t\t\t\t\t<\/div>\n\t\t\t\t<\/div>\n\t\t\t\t<div class=\"elementor-element elementor-element-dcdcf3e elementor-widget elementor-widget-writing-effect-headline\" data-id=\"dcdcf3e\" data-element_type=\"widget\" data-e-type=\"widget\" data-widget_type=\"writing-effect-headline.default\">\n\t\t\t\t<div class=\"elementor-widget-container\">\n\t\t\t\t\t        <h3 class=\"futurio-extra-written-headline\" data-speed=\"10\" data-delay=\"1000\" data-loop=\"0\">\r\n        \r\n                    <span class=\"written-lines\">Na zach\u0119t\u0119, 2 losowe artyku\u0142y<\/span>\r\n        \r\n                <\/h3>\r\n        \t\t\t\t<\/div>\n\t\t\t\t<\/div>\n\t\t\t\t<section class=\"elementor-section elementor-inner-section elementor-element elementor-element-a2c79de elementor-section-boxed elementor-section-height-default elementor-section-height-default\" data-id=\"a2c79de\" data-element_type=\"section\" data-e-type=\"section\">\n\t\t\t\t\t\t<div class=\"elementor-container elementor-column-gap-default\">\n\t\t\t\t\t<div class=\"elementor-column elementor-col-50 elementor-inner-column elementor-element elementor-element-57d3ce7\" data-id=\"57d3ce7\" data-element_type=\"column\" data-e-type=\"column\">\n\t\t\t<div class=\"elementor-widget-wrap elementor-element-populated\">\n\t\t\t\t\t\t<div class=\"elementor-element elementor-element-0d306b1 elementor-widget elementor-widget-shortcode\" data-id=\"0d306b1\" data-element_type=\"widget\" data-e-type=\"widget\" data-widget_type=\"shortcode.default\">\n\t\t\t\t<div class=\"elementor-widget-container\">\n\t\t\t\t\t\t\t<div class=\"elementor-shortcode\"><div class=\"random-post-on-refresh \"><a href=\"https:\/\/jung.info.pl\/index.php\/2020\/04\/02\/stara-cukrownia\/\"><span class=\"random-post-on-refresh__title\">Stara Cukrownia<\/span><span class=\"random-post-on-refresh__image\"><img fetchpriority=\"high\" decoding=\"async\" width=\"1024\" height=\"576\" src=\"https:\/\/jung.info.pl\/wp-content\/uploads\/2021\/03\/20200402_172004-1024x576.jpg\" class=\"attachment-large size-large wp-post-image\" alt=\"\" srcset=\"https:\/\/jung.info.pl\/wp-content\/uploads\/2021\/03\/20200402_172004-1024x576.jpg 1024w, https:\/\/jung.info.pl\/wp-content\/uploads\/2021\/03\/20200402_172004-300x169.jpg 300w, https:\/\/jung.info.pl\/wp-content\/uploads\/2021\/03\/20200402_172004-768x432.jpg 768w, https:\/\/jung.info.pl\/wp-content\/uploads\/2021\/03\/20200402_172004-1536x864.jpg 1536w, https:\/\/jung.info.pl\/wp-content\/uploads\/2021\/03\/20200402_172004-1140x641.jpg 1140w, https:\/\/jung.info.pl\/wp-content\/uploads\/2021\/03\/20200402_172004-720x405.jpg 720w, https:\/\/jung.info.pl\/wp-content\/uploads\/2021\/03\/20200402_172004.jpg 1920w\" sizes=\"(max-width: 1024px) 100vw, 1024px\" \/><\/span><span class=\"random-post-on-refresh__excerpt\"><p>O obiekcie wiadomo tylko tyle, \u017ce jest to by\u0142a cukrownia. Z pewno\u015bci\u0105 nie funkcjonowa\u0142a ju\u017c w 2011 roku (najstarsze zdj\u0119cie ze Street View).<\/p>\n<\/span><\/a><\/div><\/div>\n\t\t\t\t\t\t<\/div>\n\t\t\t\t<\/div>\n\t\t\t\t\t<\/div>\n\t\t<\/div>\n\t\t\t\t<div class=\"elementor-column elementor-col-50 elementor-inner-column elementor-element elementor-element-ac82bc9\" data-id=\"ac82bc9\" data-element_type=\"column\" data-e-type=\"column\">\n\t\t\t<div class=\"elementor-widget-wrap elementor-element-populated\">\n\t\t\t\t\t\t<div class=\"elementor-element elementor-element-7599eae elementor-widget elementor-widget-shortcode\" data-id=\"7599eae\" data-element_type=\"widget\" data-e-type=\"widget\" data-widget_type=\"shortcode.default\">\n\t\t\t\t<div class=\"elementor-widget-container\">\n\t\t\t\t\t\t\t<div class=\"elementor-shortcode\"><div class=\"random-post-on-refresh \"><a href=\"https:\/\/jung.info.pl\/index.php\/2018\/10\/06\/betonowy-schron\/\"><span class=\"random-post-on-refresh__title\">Betonowy schron<\/span><span class=\"random-post-on-refresh__image\"><img decoding=\"async\" width=\"1024\" height=\"576\" src=\"https:\/\/jung.info.pl\/wp-content\/uploads\/2021\/03\/20181006_135715-1024x576.jpg\" class=\"attachment-large size-large wp-post-image\" alt=\"\" srcset=\"https:\/\/jung.info.pl\/wp-content\/uploads\/2021\/03\/20181006_135715-1024x576.jpg 1024w, https:\/\/jung.info.pl\/wp-content\/uploads\/2021\/03\/20181006_135715-300x169.jpg 300w, https:\/\/jung.info.pl\/wp-content\/uploads\/2021\/03\/20181006_135715-768x432.jpg 768w, https:\/\/jung.info.pl\/wp-content\/uploads\/2021\/03\/20181006_135715-1536x864.jpg 1536w, https:\/\/jung.info.pl\/wp-content\/uploads\/2021\/03\/20181006_135715-1140x641.jpg 1140w, https:\/\/jung.info.pl\/wp-content\/uploads\/2021\/03\/20181006_135715-720x405.jpg 720w, https:\/\/jung.info.pl\/wp-content\/uploads\/2021\/03\/20181006_135715.jpg 1920w\" sizes=\"(max-width: 1024px) 100vw, 1024px\" \/><\/span><span class=\"random-post-on-refresh__excerpt\"><p>Aktualnie wyburzony na poczte nowej inwestycji &#8211; niegdy\u015b 6 pi\u0119trowy betonowy schron z czas\u00f3w II wojny \u015bwiatowej.<br \/>\n\u015aciany zewn\u0119trzne mia\u0142y 1,5 m grubo\u015bci.<\/p>\n<\/span><\/a><\/div><\/div>\n\t\t\t\t\t\t<\/div>\n\t\t\t\t<\/div>\n\t\t\t\t\t<\/div>\n\t\t<\/div>\n\t\t\t\t\t<\/div>\n\t\t<\/section>\n\t\t\t\t\t<\/div>\n\t\t<\/div>\n\t\t\t\t\t<\/div>\n\t\t<\/section>\n\t\t\t\t<\/div>\n\t\t","protected":false},"excerpt":{"rendered":"<p>W skr\u00f3cie Strona powsta\u0142a, aby ostatecznie we wzgl\u0119dnie ciekawej formie, ukaza\u0107 uwieczniane przeze mnie pozornie nieciekawe obiekty. Idea wesz\u0142a ju\u017c w \u017cycie ponad rok temu, pod innym adresem, z kr\u00f3tkimi nazwami obiekt\u00f3w w j\u0119zyku angielskim, nie by\u0142o to jednak to&#8230; &nbsp; Ka\u017cda strona \/ artyku\u0142 projektowane s\u0105 na komputerze &#8211; gor\u0105co polecam w wolnej chwili&hellip;<\/p>\n","protected":false},"author":1,"featured_media":639,"parent":0,"menu_order":0,"comment_status":"closed","ping_status":"closed","template":"","meta":{"footnotes":""},"class_list":["post-769","page","type-page","status-publish","has-post-thumbnail","hentry"],"_links":{"self":[{"href":"https:\/\/jung.info.pl\/index.php\/wp-json\/wp\/v2\/pages\/769","targetHints":{"allow":["GET"]}}],"collection":[{"href":"https:\/\/jung.info.pl\/index.php\/wp-json\/wp\/v2\/pages"}],"about":[{"href":"https:\/\/jung.info.pl\/index.php\/wp-json\/wp\/v2\/types\/page"}],"author":[{"embeddable":true,"href":"https:\/\/jung.info.pl\/index.php\/wp-json\/wp\/v2\/users\/1"}],"replies":[{"embeddable":true,"href":"https:\/\/jung.info.pl\/index.php\/wp-json\/wp\/v2\/comments?post=769"}],"version-history":[{"count":87,"href":"https:\/\/jung.info.pl\/index.php\/wp-json\/wp\/v2\/pages\/769\/revisions"}],"predecessor-version":[{"id":1938,"href":"https:\/\/jung.info.pl\/index.php\/wp-json\/wp\/v2\/pages\/769\/revisions\/1938"}],"wp:featuredmedia":[{"embeddable":true,"href":"https:\/\/jung.info.pl\/index.php\/wp-json\/wp\/v2\/media\/639"}],"wp:attachment":[{"href":"https:\/\/jung.info.pl\/index.php\/wp-json\/wp\/v2\/media?parent=769"}],"curies":[{"name":"wp","href":"https:\/\/api.w.org\/{rel}","templated":true}]}}